{"id":427,"date":"2026-01-20T12:00:01","date_gmt":"2026-01-20T11:00:01","guid":{"rendered":"https:\/\/sudlasercreations.synology.me\/wordpress\/?page_id=427"},"modified":"2026-02-21T21:05:24","modified_gmt":"2026-02-21T20:05:24","slug":"politique-de-confidentialite","status":"publish","type":"page","link":"https:\/\/sudlasercreations.synology.me\/wordpress\/politique-de-confidentialite\/","title":{"rendered":"Politique de confidentialit\u00e9"},"content":{"rendered":"\t\t<div data-elementor-type=\"wp-page\" data-elementor-id=\"427\" class=\"elementor elementor-427\">\n\t\t\t\t<div class=\"elementor-element elementor-element-51b9622 e-flex e-con-boxed e-con e-parent\" data-id=\"51b9622\" data-element_type=\"container\" data-e-type=\"container\" data-settings=\"{&quot;background_background&quot;:&quot;classic&quot;}\">\n\t\t\t\t\t<div class=\"e-con-inner\">\n\t\t\t\t<div class=\"elementor-element elementor-element-7acf044 elementor-widget elementor-widget-heading\" data-id=\"7acf044\" data-element_type=\"widget\" data-e-type=\"widget\" data-widget_type=\"heading.default\">\n\t\t\t\t\t<h2 class=\"elementor-heading-title elementor-size-default\">Politique de confidentialit\u00e9<\/h2>\t\t\t\t<\/div>\n\t\t\t\t<div class=\"elementor-element elementor-element-79e3b8a elementor-widget elementor-widget-heading\" data-id=\"79e3b8a\" data-element_type=\"widget\" data-e-type=\"widget\" data-widget_type=\"heading.default\">\n\t\t\t\t\t<h3 class=\"elementor-heading-title elementor-size-default\">Votre confiance, notre engagement de confidentialit\u00e9<\/h3>\t\t\t\t<\/div>\n\t\t\t\t<div class=\"elementor-element elementor-element-438e888 elementor-widget__width-initial elementor-widget elementor-widget-text-editor\" data-id=\"438e888\" data-element_type=\"widget\" data-e-type=\"widget\" data-widget_type=\"text-editor.default\">\n\t\t\t\t\t\t\t\t\t<p>De la mod\u00e9lisation 3D \u00e0 la gravure laser, nous traitons vos donn\u00e9es et vos designs avec la m\u00eame pr\u00e9cision que vos commandes : avec soin, s\u00e9curit\u00e9 et transparence.<\/p>\t\t\t\t\t\t\t\t<\/div>\n\t\t\t\t\t<\/div>\n\t\t\t\t<\/div>\n\t\t<div class=\"elementor-element elementor-element-8991560 e-flex e-con-boxed e-con e-parent\" data-id=\"8991560\" data-element_type=\"container\" data-e-type=\"container\">\n\t\t\t\t\t<div class=\"e-con-inner\">\n\t\t<div class=\"elementor-element elementor-element-dc78734 e-con-full e-flex e-con e-child\" data-id=\"dc78734\" data-element_type=\"container\" data-e-type=\"container\" data-settings=\"{&quot;background_background&quot;:&quot;classic&quot;}\">\n\t\t\t\t<div class=\"elementor-element elementor-element-1ed1306 elementor-widget elementor-widget-heading\" data-id=\"1ed1306\" data-element_type=\"widget\" data-e-type=\"widget\" data-widget_type=\"heading.default\">\n\t\t\t\t\t<h3 class=\"elementor-heading-title elementor-size-default\">Article 1 : Collecte des donn\u00e9es personnelles<\/h3>\t\t\t\t<\/div>\n\t\t\t\t<div class=\"elementor-element elementor-element-032cd78 elementor-widget elementor-widget-text-editor\" data-id=\"032cd78\" data-element_type=\"widget\" data-e-type=\"widget\" data-widget_type=\"text-editor.default\">\n\t\t\t\t\t\t\t\t\t<p>Dans le cadre de mon activit\u00e9 de d\u00e9coupe laser et d&rsquo;impression 3D, je suis amen\u00e9 \u00e0 collecter des informations via mon formulaire de contact (nom, adresse e-mail, num\u00e9ro de t\u00e9l\u00e9phone) ainsi que les fichiers num\u00e9riques (mod\u00e8les 3D, plans DXF, images) que vous nous transmettez pour la r\u00e9alisation de vos projets.<\/p>\t\t\t\t\t\t\t\t<\/div>\n\t\t\t\t<\/div>\n\t\t<div class=\"elementor-element elementor-element-174af42 e-con-full e-flex e-con e-child\" data-id=\"174af42\" data-element_type=\"container\" data-e-type=\"container\" data-settings=\"{&quot;background_background&quot;:&quot;classic&quot;}\">\n\t\t\t\t<div class=\"elementor-element elementor-element-a90193e elementor-widget elementor-widget-heading\" data-id=\"a90193e\" data-element_type=\"widget\" data-e-type=\"widget\" data-widget_type=\"heading.default\">\n\t\t\t\t\t<h3 class=\"elementor-heading-title elementor-size-default\">Article 2 : Utilisation de vos donn\u00e9es<\/h3>\t\t\t\t<\/div>\n\t\t\t\t<div class=\"elementor-element elementor-element-be5aae0 elementor-widget elementor-widget-text-editor\" data-id=\"be5aae0\" data-element_type=\"widget\" data-e-type=\"widget\" data-widget_type=\"text-editor.default\">\n\t\t\t\t\t\t\t\t\t<p data-path-to-node=\"5\">Vos donn\u00e9es sont strictement utilis\u00e9es pour :<\/p><p>&#8211; L&rsquo;\u00e9tablissement de vos devis personnalis\u00e9s.<\/p><p>&#8211; La gestion et le suivi de vos commandes et livraisons.<\/p><p>&#8211; La communication technique concernant vos fichiers de mod\u00e9lisation ou de gravure.<\/p><p>&#8211; L&rsquo;am\u00e9lioration de nos services (statistiques de visite anonymes).<\/p>\t\t\t\t\t\t\t\t<\/div>\n\t\t\t\t<\/div>\n\t\t<div class=\"elementor-element elementor-element-a251b74 e-con-full e-flex e-con e-child\" data-id=\"a251b74\" data-element_type=\"container\" data-e-type=\"container\" data-settings=\"{&quot;background_background&quot;:&quot;classic&quot;}\">\n\t\t\t\t<div class=\"elementor-element elementor-element-494286b elementor-widget elementor-widget-heading\" data-id=\"494286b\" data-element_type=\"widget\" data-e-type=\"widget\" data-widget_type=\"heading.default\">\n\t\t\t\t\t<h3 class=\"elementor-heading-title elementor-size-default\">Article 3 : Confidentialit\u00e9 de vos mod\u00e8les et cr\u00e9ations<\/h3>\t\t\t\t<\/div>\n\t\t\t\t<div class=\"elementor-element elementor-element-b70aa0b elementor-widget elementor-widget-text-editor\" data-id=\"b70aa0b\" data-element_type=\"widget\" data-e-type=\"widget\" data-widget_type=\"text-editor.default\">\n\t\t\t\t\t\t\t\t\t<p>Conscient de la valeur de vos projets, je m&rsquo;engage \u00e0 ce que les fichiers de mod\u00e9lisation et les designs transmis pour reproduction restent strictement confidentiels. Ils ne seront en aucun cas partag\u00e9s avec des tiers, vendus ou utilis\u00e9s \u00e0 d&rsquo;autres fins que la r\u00e9alisation de votre commande, sauf accord \u00e9crit de votre part (par exemple pour une mise en avant dans mon portfolio).Dans le cadre de mon activit\u00e9 de d\u00e9coupe laser et d&rsquo;impression 3D, je suis amen\u00e9 \u00e0 collecter des informations via mon formulaire de contact (nom, adresse e-mail, num\u00e9ro de t\u00e9l\u00e9phone) ainsi que les fichiers num\u00e9riques (mod\u00e8les 3D, plans DXF, images) que vous nous transmettez pour la r\u00e9alisation de vos projets.<\/p>\t\t\t\t\t\t\t\t<\/div>\n\t\t\t\t<\/div>\n\t\t<div class=\"elementor-element elementor-element-998685f e-con-full e-flex e-con e-child\" data-id=\"998685f\" data-element_type=\"container\" data-e-type=\"container\" data-settings=\"{&quot;background_background&quot;:&quot;classic&quot;}\">\n\t\t\t\t<div class=\"elementor-element elementor-element-82de901 elementor-widget elementor-widget-heading\" data-id=\"82de901\" data-element_type=\"widget\" data-e-type=\"widget\" data-widget_type=\"heading.default\">\n\t\t\t\t\t<h3 class=\"elementor-heading-title elementor-size-default\">Article 4 :  Dur\u00e9e de conservation<\/h3>\t\t\t\t<\/div>\n\t\t\t\t<div class=\"elementor-element elementor-element-c3b98bb elementor-widget elementor-widget-text-editor\" data-id=\"c3b98bb\" data-element_type=\"widget\" data-e-type=\"widget\" data-widget_type=\"text-editor.default\">\n\t\t\t\t\t\t\t\t\t<p>Vos donn\u00e9es personnelles sont conserv\u00e9es pour la dur\u00e9e n\u00e9cessaire \u00e0 la gestion de la relation commerciale (3 ans maximum apr\u00e8s le dernier contact pour les prospects, et selon les dur\u00e9es l\u00e9gales de conservation des factures pour les clients). Les fichiers techniques (STL, STEP, DXF) sont conserv\u00e9s 24 mois apr\u00e8s la livraison pour faciliter une \u00e9ventuelle r\u00e9\u00e9dition, puis sont supprim\u00e9s.<\/p>\t\t\t\t\t\t\t\t<\/div>\n\t\t\t\t<\/div>\n\t\t<div class=\"elementor-element elementor-element-9a076ac e-con-full e-flex e-con e-child\" data-id=\"9a076ac\" data-element_type=\"container\" data-e-type=\"container\" data-settings=\"{&quot;background_background&quot;:&quot;classic&quot;}\">\n\t\t\t\t<div class=\"elementor-element elementor-element-3fdc519 elementor-widget elementor-widget-heading\" data-id=\"3fdc519\" data-element_type=\"widget\" data-e-type=\"widget\" data-widget_type=\"heading.default\">\n\t\t\t\t\t<h3 class=\"elementor-heading-title elementor-size-default\">Article 5 : Vos droits (RGPD)<\/h3>\t\t\t\t<\/div>\n\t\t\t\t<div class=\"elementor-element elementor-element-6394378 elementor-widget elementor-widget-text-editor\" data-id=\"6394378\" data-element_type=\"widget\" data-e-type=\"widget\" data-widget_type=\"text-editor.default\">\n\t\t\t\t\t\t\t\t\t<p>Conform\u00e9ment \u00e0 la r\u00e9glementation europ\u00e9enne, vous disposez d&rsquo;un droit d&rsquo;acc\u00e8s, de rectification, de portabilit\u00e9 et de suppression de vos donn\u00e9es. Vous pouvez exercer ces droits \u00e0 tout moment en envoyant un e-mail \u00e0 : sudlasercreations04@gmail.com<\/p>\t\t\t\t\t\t\t\t<\/div>\n\t\t\t\t<\/div>\n\t\t<div class=\"elementor-element elementor-element-5c1c1e2 e-con-full e-flex e-con e-child\" data-id=\"5c1c1e2\" data-element_type=\"container\" data-e-type=\"container\" data-settings=\"{&quot;background_background&quot;:&quot;classic&quot;}\">\n\t\t\t\t<div class=\"elementor-element elementor-element-0730e53 elementor-widget elementor-widget-heading\" data-id=\"0730e53\" data-element_type=\"widget\" data-e-type=\"widget\" data-widget_type=\"heading.default\">\n\t\t\t\t\t<h3 class=\"elementor-heading-title elementor-size-default\">Article 6 : S\u00e9curit\u00e9<\/h3>\t\t\t\t<\/div>\n\t\t\t\t<div class=\"elementor-element elementor-element-a45669f elementor-widget elementor-widget-text-editor\" data-id=\"a45669f\" data-element_type=\"widget\" data-e-type=\"widget\" data-widget_type=\"text-editor.default\">\n\t\t\t\t\t\t\t\t\t<p>Je mets en \u0153uvre des mesures de s\u00e9curit\u00e9 appropri\u00e9es pour prot\u00e9ger vos informations contre tout acc\u00e8s, modification ou divulgation non autoris\u00e9s.<\/p>\t\t\t\t\t\t\t\t<\/div>\n\t\t\t\t<\/div>\n\t\t\t\t\t<\/div>\n\t\t\t\t<\/div>\n\t\t\t\t<\/div>\n\t\t","protected":false},"excerpt":{"rendered":"<p>Politique de confidentialit\u00e9 Votre confiance, notre engagement de confidentialit\u00e9 De la mod\u00e9lisation 3D \u00e0 la gravure laser, nous traitons vos [&hellip;]<\/p>\n","protected":false},"author":1,"featured_media":0,"parent":0,"menu_order":0,"comment_status":"closed","ping_status":"closed","template":"","meta":{"site-sidebar-layout":"no-sidebar","site-content-layout":"","ast-site-content-layout":"full-width-container","site-content-style":"default","site-sidebar-style":"default","ast-global-header-display":"","ast-banner-title-visibility":"","ast-main-header-display":"","ast-hfb-above-header-display":"","ast-hfb-below-header-display":"","ast-hfb-mobile-header-display":"","site-post-title":"disabled","ast-breadcrumbs-content":"","ast-featured-img":"disabled","footer-sml-layout":"","ast-disable-related-posts":"","theme-transparent-header-meta":"","adv-header-id-meta":"","stick-header-meta":"","header-above-stick-meta":"","header-main-stick-meta":"","header-below-stick-meta":"","astra-migrate-meta-layouts":"default","ast-page-background-enabled":"default","ast-page-background-meta":{"desktop":{"background-color":"var(--ast-global-color-5)","background-image":"","background-repeat":"repeat","background-position":"center center","background-size":"auto","background-attachment":"scroll","background-type":"","background-media":"","overlay-type":"","overlay-color":"","overlay-opacity":"","overlay-gradient":""},"tablet":{"background-color":"","background-image":"","background-repeat":"repeat","background-position":"center center","background-size":"auto","background-attachment":"scroll","background-type":"","background-media":"","overlay-type":"","overlay-color":"","overlay-opacity":"","overlay-gradient":""},"mobile":{"background-color":"","background-image":"","background-repeat":"repeat","background-position":"center center","background-size":"auto","background-attachment":"scroll","background-type":"","background-media":"","overlay-type":"","overlay-color":"","overlay-opacity":"","overlay-gradient":""}},"ast-content-background-meta":{"desktop":{"background-color":"var(--ast-global-color-4)","background-image":"","background-repeat":"repeat","background-position":"center center","background-size":"auto","background-attachment":"scroll","background-type":"","background-media":"","overlay-type":"","overlay-color":"","overlay-opacity":"","overlay-gradient":""},"tablet":{"background-color":"var(--ast-global-color-4)","background-image":"","background-repeat":"repeat","background-position":"center center","background-size":"auto","background-attachment":"scroll","background-type":"","background-media":"","overlay-type":"","overlay-color":"","overlay-opacity":"","overlay-gradient":""},"mobile":{"background-color":"var(--ast-global-color-4)","background-image":"","background-repeat":"repeat","background-position":"center center","background-size":"auto","background-attachment":"scroll","background-type":"","background-media":"","overlay-type":"","overlay-color":"","overlay-opacity":"","overlay-gradient":""}},"footnotes":""},"class_list":["post-427","page","type-page","status-publish","hentry"],"yoast_head":"<!-- This site is optimized with the Yoast SEO plugin v27.3 - https:\/\/yoast.com\/product\/yoast-seo-wordpress\/ -->\n<title>Politique de confidentialit\u00e9 - Sud Laser Creations<\/title>\n<meta name=\"robots\" content=\"index, follow, max-snippet:-1, max-image-preview:large, max-video-preview:-1\" \/>\n<link rel=\"canonical\" href=\"https:\/\/sudlasercreations.synology.me\/wordpress\/politique-de-confidentialite\/\" \/>\n<meta property=\"og:locale\" content=\"fr_FR\" \/>\n<meta property=\"og:type\" content=\"article\" \/>\n<meta property=\"og:title\" content=\"Politique de confidentialit\u00e9 - Sud Laser Creations\" \/>\n<meta property=\"og:description\" content=\"Politique de confidentialit\u00e9 Votre confiance, notre engagement de confidentialit\u00e9 De la mod\u00e9lisation 3D \u00e0 la gravure laser, nous traitons vos [&hellip;]\" \/>\n<meta property=\"og:url\" content=\"https:\/\/sudlasercreations.synology.me\/wordpress\/politique-de-confidentialite\/\" \/>\n<meta property=\"og:site_name\" content=\"Sud Laser Creations\" \/>\n<meta property=\"article:publisher\" content=\"https:\/\/www.facebook.com\/profile.php?id=61557359343508#\" \/>\n<meta property=\"article:modified_time\" content=\"2026-02-21T20:05:24+00:00\" \/>\n<meta property=\"og:image\" content=\"https:\/\/sudlasercreations.synology.me\/wordpress\/wp-content\/uploads\/2026\/01\/Logo-300x300-1.png\" \/>\n\t<meta property=\"og:image:width\" content=\"300\" \/>\n\t<meta property=\"og:image:height\" content=\"300\" \/>\n\t<meta property=\"og:image:type\" content=\"image\/png\" \/>\n<meta name=\"twitter:card\" content=\"summary_large_image\" \/>\n<meta name=\"twitter:label1\" content=\"Dur\u00e9e de lecture estim\u00e9e\" \/>\n\t<meta name=\"twitter:data1\" content=\"2 minutes\" \/>\n<script type=\"application\/ld+json\" class=\"yoast-schema-graph\">{\"@context\":\"https:\\\/\\\/schema.org\",\"@graph\":[{\"@type\":\"WebPage\",\"@id\":\"https:\\\/\\\/sudlasercreations.synology.me\\\/wordpress\\\/politique-de-confidentialite\\\/\",\"url\":\"https:\\\/\\\/sudlasercreations.synology.me\\\/wordpress\\\/politique-de-confidentialite\\\/\",\"name\":\"Politique de confidentialit\u00e9 - Sud Laser Creations\",\"isPartOf\":{\"@id\":\"https:\\\/\\\/sudlasercreations.synology.me\\\/wordpress\\\/#website\"},\"datePublished\":\"2026-01-20T11:00:01+00:00\",\"dateModified\":\"2026-02-21T20:05:24+00:00\",\"breadcrumb\":{\"@id\":\"https:\\\/\\\/sudlasercreations.synology.me\\\/wordpress\\\/politique-de-confidentialite\\\/#breadcrumb\"},\"inLanguage\":\"fr-FR\",\"potentialAction\":[{\"@type\":\"ReadAction\",\"target\":[\"https:\\\/\\\/sudlasercreations.synology.me\\\/wordpress\\\/politique-de-confidentialite\\\/\"]}]},{\"@type\":\"BreadcrumbList\",\"@id\":\"https:\\\/\\\/sudlasercreations.synology.me\\\/wordpress\\\/politique-de-confidentialite\\\/#breadcrumb\",\"itemListElement\":[{\"@type\":\"ListItem\",\"position\":1,\"name\":\"Accueil\",\"item\":\"https:\\\/\\\/sudlasercreations.synology.me\\\/wordpress\\\/\"},{\"@type\":\"ListItem\",\"position\":2,\"name\":\"Politique de confidentialit\u00e9\"}]},{\"@type\":\"WebSite\",\"@id\":\"https:\\\/\\\/sudlasercreations.synology.me\\\/wordpress\\\/#website\",\"url\":\"https:\\\/\\\/sudlasercreations.synology.me\\\/wordpress\\\/\",\"name\":\"Sud Laser Creations\",\"description\":\"La personnalisation \u00e0 votre port\u00e9e !\",\"publisher\":{\"@id\":\"https:\\\/\\\/sudlasercreations.synology.me\\\/wordpress\\\/#organization\"},\"alternateName\":\"Sud Laser Creations\",\"potentialAction\":[{\"@type\":\"SearchAction\",\"target\":{\"@type\":\"EntryPoint\",\"urlTemplate\":\"https:\\\/\\\/sudlasercreations.synology.me\\\/wordpress\\\/?s={search_term_string}\"},\"query-input\":{\"@type\":\"PropertyValueSpecification\",\"valueRequired\":true,\"valueName\":\"search_term_string\"}}],\"inLanguage\":\"fr-FR\"},{\"@type\":\"Organization\",\"@id\":\"https:\\\/\\\/sudlasercreations.synology.me\\\/wordpress\\\/#organization\",\"name\":\"Sud Laser Creations\",\"alternateName\":\"Sud Laser Cr\u00e9ations\",\"url\":\"https:\\\/\\\/sudlasercreations.synology.me\\\/wordpress\\\/\",\"logo\":{\"@type\":\"ImageObject\",\"inLanguage\":\"fr-FR\",\"@id\":\"https:\\\/\\\/sudlasercreations.synology.me\\\/wordpress\\\/#\\\/schema\\\/logo\\\/image\\\/\",\"url\":\"https:\\\/\\\/sudlasercreations.synology.me\\\/wordpress\\\/wp-content\\\/uploads\\\/2026\\\/01\\\/Logo-300x300-1.png\",\"contentUrl\":\"https:\\\/\\\/sudlasercreations.synology.me\\\/wordpress\\\/wp-content\\\/uploads\\\/2026\\\/01\\\/Logo-300x300-1.png\",\"width\":300,\"height\":300,\"caption\":\"Sud Laser Creations\"},\"image\":{\"@id\":\"https:\\\/\\\/sudlasercreations.synology.me\\\/wordpress\\\/#\\\/schema\\\/logo\\\/image\\\/\"},\"sameAs\":[\"https:\\\/\\\/www.facebook.com\\\/profile.php?id=61557359343508#\",\"https:\\\/\\\/www.instagram.com\\\/sud_laser_creations\\\/\"]}]}<\/script>\n<!-- \/ Yoast SEO plugin. -->","yoast_head_json":{"title":"Politique de confidentialit\u00e9 - Sud Laser Creations","robots":{"index":"index","follow":"follow","max-snippet":"max-snippet:-1","max-image-preview":"max-image-preview:large","max-video-preview":"max-video-preview:-1"},"canonical":"https:\/\/sudlasercreations.synology.me\/wordpress\/politique-de-confidentialite\/","og_locale":"fr_FR","og_type":"article","og_title":"Politique de confidentialit\u00e9 - Sud Laser Creations","og_description":"Politique de confidentialit\u00e9 Votre confiance, notre engagement de confidentialit\u00e9 De la mod\u00e9lisation 3D \u00e0 la gravure laser, nous traitons vos [&hellip;]","og_url":"https:\/\/sudlasercreations.synology.me\/wordpress\/politique-de-confidentialite\/","og_site_name":"Sud Laser Creations","article_publisher":"https:\/\/www.facebook.com\/profile.php?id=61557359343508#","article_modified_time":"2026-02-21T20:05:24+00:00","og_image":[{"width":300,"height":300,"url":"https:\/\/sudlasercreations.synology.me\/wordpress\/wp-content\/uploads\/2026\/01\/Logo-300x300-1.png","type":"image\/png"}],"twitter_card":"summary_large_image","twitter_misc":{"Dur\u00e9e de lecture estim\u00e9e":"2 minutes"},"schema":{"@context":"https:\/\/schema.org","@graph":[{"@type":"WebPage","@id":"https:\/\/sudlasercreations.synology.me\/wordpress\/politique-de-confidentialite\/","url":"https:\/\/sudlasercreations.synology.me\/wordpress\/politique-de-confidentialite\/","name":"Politique de confidentialit\u00e9 - Sud Laser Creations","isPartOf":{"@id":"https:\/\/sudlasercreations.synology.me\/wordpress\/#website"},"datePublished":"2026-01-20T11:00:01+00:00","dateModified":"2026-02-21T20:05:24+00:00","breadcrumb":{"@id":"https:\/\/sudlasercreations.synology.me\/wordpress\/politique-de-confidentialite\/#breadcrumb"},"inLanguage":"fr-FR","potentialAction":[{"@type":"ReadAction","target":["https:\/\/sudlasercreations.synology.me\/wordpress\/politique-de-confidentialite\/"]}]},{"@type":"BreadcrumbList","@id":"https:\/\/sudlasercreations.synology.me\/wordpress\/politique-de-confidentialite\/#breadcrumb","itemListElement":[{"@type":"ListItem","position":1,"name":"Accueil","item":"https:\/\/sudlasercreations.synology.me\/wordpress\/"},{"@type":"ListItem","position":2,"name":"Politique de confidentialit\u00e9"}]},{"@type":"WebSite","@id":"https:\/\/sudlasercreations.synology.me\/wordpress\/#website","url":"https:\/\/sudlasercreations.synology.me\/wordpress\/","name":"Sud Laser Creations","description":"La personnalisation \u00e0 votre port\u00e9e !","publisher":{"@id":"https:\/\/sudlasercreations.synology.me\/wordpress\/#organization"},"alternateName":"Sud Laser Creations","potentialAction":[{"@type":"SearchAction","target":{"@type":"EntryPoint","urlTemplate":"https:\/\/sudlasercreations.synology.me\/wordpress\/?s={search_term_string}"},"query-input":{"@type":"PropertyValueSpecification","valueRequired":true,"valueName":"search_term_string"}}],"inLanguage":"fr-FR"},{"@type":"Organization","@id":"https:\/\/sudlasercreations.synology.me\/wordpress\/#organization","name":"Sud Laser Creations","alternateName":"Sud Laser Cr\u00e9ations","url":"https:\/\/sudlasercreations.synology.me\/wordpress\/","logo":{"@type":"ImageObject","inLanguage":"fr-FR","@id":"https:\/\/sudlasercreations.synology.me\/wordpress\/#\/schema\/logo\/image\/","url":"https:\/\/sudlasercreations.synology.me\/wordpress\/wp-content\/uploads\/2026\/01\/Logo-300x300-1.png","contentUrl":"https:\/\/sudlasercreations.synology.me\/wordpress\/wp-content\/uploads\/2026\/01\/Logo-300x300-1.png","width":300,"height":300,"caption":"Sud Laser Creations"},"image":{"@id":"https:\/\/sudlasercreations.synology.me\/wordpress\/#\/schema\/logo\/image\/"},"sameAs":["https:\/\/www.facebook.com\/profile.php?id=61557359343508#","https:\/\/www.instagram.com\/sud_laser_creations\/"]}]}},"_links":{"self":[{"href":"https:\/\/sudlasercreations.synology.me\/wordpress\/wp-json\/wp\/v2\/pages\/427","targetHints":{"allow":["GET"]}}],"collection":[{"href":"https:\/\/sudlasercreations.synology.me\/wordpress\/wp-json\/wp\/v2\/pages"}],"about":[{"href":"https:\/\/sudlasercreations.synology.me\/wordpress\/wp-json\/wp\/v2\/types\/page"}],"author":[{"embeddable":true,"href":"https:\/\/sudlasercreations.synology.me\/wordpress\/wp-json\/wp\/v2\/users\/1"}],"replies":[{"embeddable":true,"href":"https:\/\/sudlasercreations.synology.me\/wordpress\/wp-json\/wp\/v2\/comments?post=427"}],"version-history":[{"count":16,"href":"https:\/\/sudlasercreations.synology.me\/wordpress\/wp-json\/wp\/v2\/pages\/427\/revisions"}],"predecessor-version":[{"id":1185,"href":"https:\/\/sudlasercreations.synology.me\/wordpress\/wp-json\/wp\/v2\/pages\/427\/revisions\/1185"}],"wp:attachment":[{"href":"https:\/\/sudlasercreations.synology.me\/wordpress\/wp-json\/wp\/v2\/media?parent=427"}],"curies":[{"name":"wp","href":"https:\/\/api.w.org\/{rel}","templated":true}]}}