{"id":220,"date":"2026-01-18T09:45:55","date_gmt":"2026-01-18T08:45:55","guid":{"rendered":"https:\/\/sudlasercreations.synology.me\/wordpress\/?page_id=220"},"modified":"2026-02-21T19:34:46","modified_gmt":"2026-02-21T18:34:46","slug":"mentions-legales","status":"publish","type":"page","link":"https:\/\/sudlasercreations.synology.me\/wordpress\/mentions-legales\/","title":{"rendered":"Mentions l\u00e9gales"},"content":{"rendered":"\t\t<div data-elementor-type=\"wp-page\" data-elementor-id=\"220\" class=\"elementor elementor-220\">\n\t\t\t\t<div class=\"elementor-element elementor-element-243a48f e-flex e-con-boxed e-con e-parent\" data-id=\"243a48f\" data-element_type=\"container\" data-e-type=\"container\" data-settings=\"{&quot;background_background&quot;:&quot;classic&quot;}\">\n\t\t\t\t\t<div class=\"e-con-inner\">\n\t\t\t\t<div class=\"elementor-element elementor-element-127cc06 elementor-widget elementor-widget-heading\" data-id=\"127cc06\" data-element_type=\"widget\" data-e-type=\"widget\" data-widget_type=\"heading.default\">\n\t\t\t\t\t<h2 class=\"elementor-heading-title elementor-size-default\">Mentions l\u00e9gales<\/h2>\t\t\t\t<\/div>\n\t\t\t\t<div class=\"elementor-element elementor-element-7a5bec1 elementor-widget elementor-widget-text-editor\" data-id=\"7a5bec1\" data-element_type=\"widget\" data-e-type=\"widget\" data-widget_type=\"text-editor.default\">\n\t\t\t\t\t\t\t\t\t<p>\u00ab\u00a0La transparence et la confiance sont les piliers de ma collaboration avec vous, que ce soit pour la r\u00e9alisation d&rsquo;une d\u00e9coupe laser de pr\u00e9cision ou d&rsquo;une impression 3D. Conform\u00e9ment \u00e0 la r\u00e9glementation fran\u00e7aise, cette page regroupe l&rsquo;ensemble des informations l\u00e9gales concernant l&rsquo;\u00e9dition de ce site. En parcourant nos services de fabrication num\u00e9rique, vous reconnaissez avoir pris connaissance de ces mentions qui encadrent notre pr\u00e9sence en ligne et la protection de vos droits.\u00a0\u00bb<\/p>\t\t\t\t\t\t\t\t<\/div>\n\t\t\t\t\t<\/div>\n\t\t\t\t<\/div>\n\t\t<div class=\"elementor-element elementor-element-d5f0dcc e-flex e-con-boxed e-con e-parent\" data-id=\"d5f0dcc\" data-element_type=\"container\" data-e-type=\"container\">\n\t\t\t\t\t<div class=\"e-con-inner\">\n\t\t<div class=\"elementor-element elementor-element-fcb005f e-con-full e-flex e-con e-child\" data-id=\"fcb005f\" data-element_type=\"container\" data-e-type=\"container\" data-settings=\"{&quot;background_background&quot;:&quot;classic&quot;}\">\n\t\t\t\t<div class=\"elementor-element elementor-element-f0885f9 elementor-widget elementor-widget-heading\" data-id=\"f0885f9\" data-element_type=\"widget\" data-e-type=\"widget\" data-widget_type=\"heading.default\">\n\t\t\t\t\t<h3 class=\"elementor-heading-title elementor-size-default\">1. \u00c9diteur du site<\/h3>\t\t\t\t<\/div>\n\t\t\t\t<div class=\"elementor-element elementor-element-12c2868 elementor-widget elementor-widget-text-editor\" data-id=\"12c2868\" data-element_type=\"widget\" data-e-type=\"widget\" data-widget_type=\"text-editor.default\">\n\t\t\t\t\t\t\t\t\t<p>L&rsquo;\u00e9dition du site https:\/\/sudlasercreations.synology.me\/<\/p><p>wordpress\/Accueil\/ est assur\u00e9e par :<\/p><p><b data-path-to-node=\"7,0,0\" data-index-in-node=\"0\">Nom \/ Raison Sociale :<\/b> SUD LASER CREATIONS &#8211; Mr DELATTRE<\/p><p><b data-path-to-node=\"7,1,0\" data-index-in-node=\"0\">Statut juridique :<\/b> Auto-entrepreneur<\/p><p><b data-path-to-node=\"7,2,0\" data-index-in-node=\"0\">Si\u00e8ge social :<\/b> 110 Impasse du Vi\u00e9rard &#8211; 04350 Malijai<\/p><p><b data-path-to-node=\"7,3,0\" data-index-in-node=\"0\">SIRET :<\/b> 98779315500019<\/p><p><b data-path-to-node=\"7,4,0\" data-index-in-node=\"0\">Inscription au RM :<\/b> Inscrit au R\u00e9pertoire des M\u00e9tiers de Manosque sous le num\u00e9ro 987 793 155<\/p><p><b data-path-to-node=\"7,5,0\" data-index-in-node=\"0\">Num\u00e9ro de TVA intracommunautaire :<\/b> TVA non applicable, art. 293 B du CGI\u00a0\u00bb\u00a0<\/p><p><b data-path-to-node=\"7,6,0\" data-index-in-node=\"0\">Adresse e-mail :<\/b> sudlasercreations04@gmail.com<\/p><p><b data-path-to-node=\"7,7,0\" data-index-in-node=\"0\">T\u00e9l\u00e9phone :<\/b> 06.84.03.75.95<\/p><p><b data-path-to-node=\"7,8,0\" data-index-in-node=\"0\">Directeur de la publication :<\/b> DELATTRE Fr\u00e9d\u00e9ric<\/p>\t\t\t\t\t\t\t\t<\/div>\n\t\t\t\t<\/div>\n\t\t<div class=\"elementor-element elementor-element-c336799 e-con-full e-flex e-con e-child\" data-id=\"c336799\" data-element_type=\"container\" data-e-type=\"container\" data-settings=\"{&quot;background_background&quot;:&quot;classic&quot;}\">\n\t\t\t\t<div class=\"elementor-element elementor-element-ef39a82 elementor-widget elementor-widget-heading\" data-id=\"ef39a82\" data-element_type=\"widget\" data-e-type=\"widget\" data-widget_type=\"heading.default\">\n\t\t\t\t\t<h3 class=\"elementor-heading-title elementor-size-default\">2. H\u00e9bergeur du site<\/h3>\t\t\t\t<\/div>\n\t\t\t\t<div class=\"elementor-element elementor-element-a0f7b87 elementor-widget elementor-widget-text-editor\" data-id=\"a0f7b87\" data-element_type=\"widget\" data-e-type=\"widget\" data-widget_type=\"text-editor.default\">\n\t\t\t\t\t\t\t\t\t<p data-path-to-node=\"9\">Le site est h\u00e9berg\u00e9 par :<\/p><p data-path-to-node=\"10,0,0\"><b data-path-to-node=\"10,0,0\" data-index-in-node=\"0\">Nom de l&rsquo;h\u00e9bergeur :<\/b> personnellement<\/p>\t\t\t\t\t\t\t\t<\/div>\n\t\t\t\t<\/div>\n\t\t<div class=\"elementor-element elementor-element-cbfe9bf e-con-full e-flex e-con e-child\" data-id=\"cbfe9bf\" data-element_type=\"container\" data-e-type=\"container\" data-settings=\"{&quot;background_background&quot;:&quot;classic&quot;}\">\n\t\t\t\t<div class=\"elementor-element elementor-element-c604d1a elementor-widget elementor-widget-heading\" data-id=\"c604d1a\" data-element_type=\"widget\" data-e-type=\"widget\" data-widget_type=\"heading.default\">\n\t\t\t\t\t<h3 class=\"elementor-heading-title elementor-size-default\">3. Propri\u00e9t\u00e9 intellectuelle<\/h3>\t\t\t\t<\/div>\n\t\t\t\t<div class=\"elementor-element elementor-element-6a7c0a3 elementor-widget elementor-widget-text-editor\" data-id=\"6a7c0a3\" data-element_type=\"widget\" data-e-type=\"widget\" data-widget_type=\"text-editor.default\">\n\t\t\t\t\t\t\t\t\t<p data-path-to-node=\"12\">L&rsquo;ensemble du contenu de ce site (textes, images, graphismes, logos, mod\u00e8les 3D, designs de d\u00e9coupe laser) est la propri\u00e9t\u00e9 exclusive de <b data-path-to-node=\"12\" data-index-in-node=\"137\">SUD LASER CREATIONS<\/b>, sauf mention contraire. Toute reproduction, distribution, modification ou adaptation de ces \u00e9l\u00e9ments est strictement interdite sans l&rsquo;accord \u00e9crit pr\u00e9alable de l&rsquo;\u00e9diteur.<\/p>\t\t\t\t\t\t\t\t<\/div>\n\t\t\t\t<\/div>\n\t\t<div class=\"elementor-element elementor-element-a8915e6 e-con-full e-flex e-con e-child\" data-id=\"a8915e6\" data-element_type=\"container\" data-e-type=\"container\" data-settings=\"{&quot;background_background&quot;:&quot;classic&quot;}\">\n\t\t\t\t<div class=\"elementor-element elementor-element-cbc03a2 elementor-widget elementor-widget-heading\" data-id=\"cbc03a2\" data-element_type=\"widget\" data-e-type=\"widget\" data-widget_type=\"heading.default\">\n\t\t\t\t\t<h3 class=\"elementor-heading-title elementor-size-default\">4. Responsabilit\u00e9<\/h3>\t\t\t\t<\/div>\n\t\t\t\t<div class=\"elementor-element elementor-element-3b0053f elementor-widget elementor-widget-text-editor\" data-id=\"3b0053f\" data-element_type=\"widget\" data-e-type=\"widget\" data-widget_type=\"text-editor.default\">\n\t\t\t\t\t\t\t\t\t<p data-path-to-node=\"14\"><b data-path-to-node=\"14\" data-index-in-node=\"0\">SUD LASER CREATIONS<\/b>\u00a0s&rsquo;efforce d&rsquo;assurer l&rsquo;exactitude des informations diffus\u00e9es sur le site. Toutefois, l&rsquo;\u00e9diteur ne peut \u00eatre tenu responsable des erreurs ou omissions, ni des dommages directs ou indirects r\u00e9sultant de l&rsquo;acc\u00e8s au site ou de l&rsquo;utilisation des informations qu&rsquo;il contient.<\/p>\t\t\t\t\t\t\t\t<\/div>\n\t\t\t\t<\/div>\n\t\t<div class=\"elementor-element elementor-element-675712a e-con-full e-flex e-con e-child\" data-id=\"675712a\" data-element_type=\"container\" data-e-type=\"container\" data-settings=\"{&quot;background_background&quot;:&quot;classic&quot;}\">\n\t\t\t\t<div class=\"elementor-element elementor-element-3a476e1 elementor-widget elementor-widget-heading\" data-id=\"3a476e1\" data-element_type=\"widget\" data-e-type=\"widget\" data-widget_type=\"heading.default\">\n\t\t\t\t\t<h3 class=\"elementor-heading-title elementor-size-default\">5. Donn\u00e9es personnelles (RGPD)<\/h3>\t\t\t\t<\/div>\n\t\t\t\t<div class=\"elementor-element elementor-element-b46b502 elementor-widget elementor-widget-text-editor\" data-id=\"b46b502\" data-element_type=\"widget\" data-e-type=\"widget\" data-widget_type=\"text-editor.default\">\n\t\t\t\t\t\t\t\t\t<p data-path-to-node=\"16\">Conform\u00e9ment au R\u00e8glement G\u00e9n\u00e9ral sur la Protection des Donn\u00e9es (RGPD), vous disposez d&rsquo;un droit d&rsquo;acc\u00e8s, de rectification et de suppression des donn\u00e9es vous concernant.<\/p><ul><li data-path-to-node=\"16\"><b data-path-to-node=\"17,0,0\" data-index-in-node=\"0\">Finalit\u00e9 :<\/b> Les donn\u00e9es collect\u00e9es via le formulaire de contact servent uniquement \u00e0 r\u00e9pondre \u00e0 vos demandes de devis ou d&rsquo;information.<\/li><li data-path-to-node=\"17,1,0\"><b data-path-to-node=\"17,1,0\" data-index-in-node=\"0\">Exercice des droits :<\/b> Pour exercer vos droits, contactez-nous \u00e0 l&rsquo;adresse : sudlasercreations04@gmail.com<\/li><\/ul>\t\t\t\t\t\t\t\t<\/div>\n\t\t\t\t<\/div>\n\t\t<div class=\"elementor-element elementor-element-d69ed10 e-con-full e-flex e-con e-child\" data-id=\"d69ed10\" data-element_type=\"container\" data-e-type=\"container\" data-settings=\"{&quot;background_background&quot;:&quot;classic&quot;}\">\n\t\t\t\t<div class=\"elementor-element elementor-element-2b560d9 elementor-widget elementor-widget-heading\" data-id=\"2b560d9\" data-element_type=\"widget\" data-e-type=\"widget\" data-widget_type=\"heading.default\">\n\t\t\t\t\t<h3 class=\"elementor-heading-title elementor-size-default\">6. M\u00e9diation de la consommation<\/h3>\t\t\t\t<\/div>\n\t\t\t\t<div class=\"elementor-element elementor-element-2837bfc elementor-widget elementor-widget-text-editor\" data-id=\"2837bfc\" data-element_type=\"widget\" data-e-type=\"widget\" data-widget_type=\"text-editor.default\">\n\t\t\t\t\t\t\t\t\t<p data-path-to-node=\"19\">En cas de litige non r\u00e9solu par le service client, vous avez la possibilit\u00e9 de saisir un m\u00e9diateur de la consommation :<\/p><p data-path-to-node=\"20,0,0\"><b data-path-to-node=\"20,0,0\" data-index-in-node=\"0\">Nom du m\u00e9diateur :<\/b> CM2C\u00a0<\/p><p data-path-to-node=\"20,1,0\"><b data-path-to-node=\"20,1,0\" data-index-in-node=\"0\">Site web :<\/b> https:\/\/www.cm2c.net\/<\/p>\t\t\t\t\t\t\t\t<\/div>\n\t\t\t\t<\/div>\n\t\t<div class=\"elementor-element elementor-element-9f85ac5 e-con-full e-flex e-con e-child\" data-id=\"9f85ac5\" data-element_type=\"container\" data-e-type=\"container\" data-settings=\"{&quot;background_background&quot;:&quot;classic&quot;}\">\n\t\t\t\t<div class=\"elementor-element elementor-element-20b9fbd elementor-widget elementor-widget-heading\" data-id=\"20b9fbd\" data-element_type=\"widget\" data-e-type=\"widget\" data-widget_type=\"heading.default\">\n\t\t\t\t\t<h3 class=\"elementor-heading-title elementor-size-default\">7. Assurance Professionnelle<\/h3>\t\t\t\t<\/div>\n\t\t\t\t<div class=\"elementor-element elementor-element-7caa791 elementor-widget elementor-widget-text-editor\" data-id=\"7caa791\" data-element_type=\"widget\" data-e-type=\"widget\" data-widget_type=\"text-editor.default\">\n\t\t\t\t\t\t\t\t\t<p data-path-to-node=\"19\">Au titre de mon activit\u00e9 artisanale, je suis couvert par une assurance Responsabilit\u00e9 Civile Professionnelle (RC Pro) souscrite aupr\u00e8s du Cr\u00e9dit Mutuel\u00a0<\/p><p data-path-to-node=\"19\">par le contrat n\u00b0 I8 3034041, couvrant toute la zone g\u00e9ographique de France<\/p><p data-path-to-node=\"20,1,0\">\u00a0<\/p>\t\t\t\t\t\t\t\t<\/div>\n\t\t\t\t<\/div>\n\t\t<div class=\"elementor-element elementor-element-4d92134 e-con-full e-flex e-con e-child\" data-id=\"4d92134\" data-element_type=\"container\" data-e-type=\"container\" data-settings=\"{&quot;background_background&quot;:&quot;classic&quot;}\">\n\t\t\t\t<div class=\"elementor-element elementor-element-cedb865 elementor-widget elementor-widget-heading\" data-id=\"cedb865\" data-element_type=\"widget\" data-e-type=\"widget\" data-widget_type=\"heading.default\">\n\t\t\t\t\t<h3 class=\"elementor-heading-title elementor-size-default\">8. Cookies<\/h3>\t\t\t\t<\/div>\n\t\t\t\t<div class=\"elementor-element elementor-element-119e3bb elementor-widget elementor-widget-text-editor\" data-id=\"119e3bb\" data-element_type=\"widget\" data-e-type=\"widget\" data-widget_type=\"text-editor.default\">\n\t\t\t\t\t\t\t\t\t<p>Il est parfaitement possible de revenir sur vos choix concernant les cookies de ce site simplement en cliquant sur le bouton ci dessous<\/p>\t\t\t\t\t\t\t\t<\/div>\n\t\t\t\t<div class=\"elementor-element elementor-element-00749be elementor-align-center cky-banner-element elementor-widget elementor-widget-button\" data-id=\"00749be\" data-element_type=\"widget\" data-e-type=\"widget\" data-widget_type=\"button.default\">\n\t\t\t\t\t\t\t\t\t\t<a class=\"elementor-button elementor-button-link elementor-size-sm\" href=\"#\">\n\t\t\t\t\t\t<span class=\"elementor-button-content-wrapper\">\n\t\t\t\t\t\t\t\t\t<span class=\"elementor-button-text\">Revenir sur mes choix<\/span>\n\t\t\t\t\t<\/span>\n\t\t\t\t\t<\/a>\n\t\t\t\t\t\t\t\t<\/div>\n\t\t\t\t<\/div>\n\t\t\t\t\t<\/div>\n\t\t\t\t<\/div>\n\t\t\t\t<\/div>\n\t\t","protected":false},"excerpt":{"rendered":"<p>Mentions l\u00e9gales \u00ab\u00a0La transparence et la confiance sont les piliers de ma collaboration avec vous, que ce soit pour la [&hellip;]<\/p>\n","protected":false},"author":1,"featured_media":0,"parent":0,"menu_order":0,"comment_status":"closed","ping_status":"closed","template":"elementor_canvas","meta":{"site-sidebar-layout":"no-sidebar","site-content-layout":"","ast-site-content-layout":"full-width-container","site-content-style":"default","site-sidebar-style":"default","ast-global-header-display":"","ast-banner-title-visibility":"","ast-main-header-display":"","ast-hfb-above-header-display":"","ast-hfb-below-header-display":"","ast-hfb-mobile-header-display":"","site-post-title":"disabled","ast-breadcrumbs-content":"","ast-featured-img":"disabled","footer-sml-layout":"","ast-disable-related-posts":"","theme-transparent-header-meta":"","adv-header-id-meta":"","stick-header-meta":"","header-above-stick-meta":"","header-main-stick-meta":"","header-below-stick-meta":"","astra-migrate-meta-layouts":"default","ast-page-background-enabled":"default","ast-page-background-meta":{"desktop":{"background-color":"var(--ast-global-color-5)","background-image":"","background-repeat":"repeat","background-position":"center center","background-size":"auto","background-attachment":"scroll","background-type":"","background-media":"","overlay-type":"","overlay-color":"","overlay-opacity":"","overlay-gradient":""},"tablet":{"background-color":"","background-image":"","background-repeat":"repeat","background-position":"center center","background-size":"auto","background-attachment":"scroll","background-type":"","background-media":"","overlay-type":"","overlay-color":"","overlay-opacity":"","overlay-gradient":""},"mobile":{"background-color":"","background-image":"","background-repeat":"repeat","background-position":"center center","background-size":"auto","background-attachment":"scroll","background-type":"","background-media":"","overlay-type":"","overlay-color":"","overlay-opacity":"","overlay-gradient":""}},"ast-content-background-meta":{"desktop":{"background-color":"var(--ast-global-color-4)","background-image":"","background-repeat":"repeat","background-position":"center center","background-size":"auto","background-attachment":"scroll","background-type":"","background-media":"","overlay-type":"","overlay-color":"","overlay-opacity":"","overlay-gradient":""},"tablet":{"background-color":"var(--ast-global-color-4)","background-image":"","background-repeat":"repeat","background-position":"center center","background-size":"auto","background-attachment":"scroll","background-type":"","background-media":"","overlay-type":"","overlay-color":"","overlay-opacity":"","overlay-gradient":""},"mobile":{"background-color":"var(--ast-global-color-4)","background-image":"","background-repeat":"repeat","background-position":"center center","background-size":"auto","background-attachment":"scroll","background-type":"","background-media":"","overlay-type":"","overlay-color":"","overlay-opacity":"","overlay-gradient":""}},"footnotes":""},"class_list":["post-220","page","type-page","status-publish","hentry"],"yoast_head":"<!-- This site is optimized with the Yoast SEO plugin v27.3 - https:\/\/yoast.com\/product\/yoast-seo-wordpress\/ -->\n<title>Mentions l\u00e9gales - Sud Laser Creations<\/title>\n<meta name=\"robots\" content=\"index, follow, max-snippet:-1, max-image-preview:large, max-video-preview:-1\" \/>\n<link rel=\"canonical\" href=\"https:\/\/sudlasercreations.synology.me\/wordpress\/mentions-legales\/\" \/>\n<meta property=\"og:locale\" content=\"fr_FR\" \/>\n<meta property=\"og:type\" content=\"article\" \/>\n<meta property=\"og:title\" content=\"Mentions l\u00e9gales - Sud Laser Creations\" \/>\n<meta property=\"og:description\" content=\"Mentions l\u00e9gales \u00ab\u00a0La transparence et la confiance sont les piliers de ma collaboration avec vous, que ce soit pour la [&hellip;]\" \/>\n<meta property=\"og:url\" content=\"https:\/\/sudlasercreations.synology.me\/wordpress\/mentions-legales\/\" \/>\n<meta property=\"og:site_name\" content=\"Sud Laser Creations\" \/>\n<meta property=\"article:publisher\" content=\"https:\/\/www.facebook.com\/profile.php?id=61557359343508#\" \/>\n<meta property=\"article:modified_time\" content=\"2026-02-21T18:34:46+00:00\" \/>\n<meta property=\"og:image\" content=\"https:\/\/sudlasercreations.synology.me\/wordpress\/wp-content\/uploads\/2026\/01\/Logo-300x300-1.png\" \/>\n\t<meta property=\"og:image:width\" content=\"300\" \/>\n\t<meta property=\"og:image:height\" content=\"300\" \/>\n\t<meta property=\"og:image:type\" content=\"image\/png\" \/>\n<meta name=\"twitter:card\" content=\"summary_large_image\" \/>\n<meta name=\"twitter:label1\" content=\"Dur\u00e9e de lecture estim\u00e9e\" \/>\n\t<meta name=\"twitter:data1\" content=\"3 minutes\" \/>\n<script type=\"application\/ld+json\" class=\"yoast-schema-graph\">{\"@context\":\"https:\\\/\\\/schema.org\",\"@graph\":[{\"@type\":\"WebPage\",\"@id\":\"https:\\\/\\\/sudlasercreations.synology.me\\\/wordpress\\\/mentions-legales\\\/\",\"url\":\"https:\\\/\\\/sudlasercreations.synology.me\\\/wordpress\\\/mentions-legales\\\/\",\"name\":\"Mentions l\u00e9gales - Sud Laser Creations\",\"isPartOf\":{\"@id\":\"https:\\\/\\\/sudlasercreations.synology.me\\\/wordpress\\\/#website\"},\"datePublished\":\"2026-01-18T08:45:55+00:00\",\"dateModified\":\"2026-02-21T18:34:46+00:00\",\"breadcrumb\":{\"@id\":\"https:\\\/\\\/sudlasercreations.synology.me\\\/wordpress\\\/mentions-legales\\\/#breadcrumb\"},\"inLanguage\":\"fr-FR\",\"potentialAction\":[{\"@type\":\"ReadAction\",\"target\":[\"https:\\\/\\\/sudlasercreations.synology.me\\\/wordpress\\\/mentions-legales\\\/\"]}]},{\"@type\":\"BreadcrumbList\",\"@id\":\"https:\\\/\\\/sudlasercreations.synology.me\\\/wordpress\\\/mentions-legales\\\/#breadcrumb\",\"itemListElement\":[{\"@type\":\"ListItem\",\"position\":1,\"name\":\"Accueil\",\"item\":\"https:\\\/\\\/sudlasercreations.synology.me\\\/wordpress\\\/\"},{\"@type\":\"ListItem\",\"position\":2,\"name\":\"Mentions l\u00e9gales\"}]},{\"@type\":\"WebSite\",\"@id\":\"https:\\\/\\\/sudlasercreations.synology.me\\\/wordpress\\\/#website\",\"url\":\"https:\\\/\\\/sudlasercreations.synology.me\\\/wordpress\\\/\",\"name\":\"Sud Laser Creations\",\"description\":\"La personnalisation \u00e0 votre port\u00e9e !\",\"publisher\":{\"@id\":\"https:\\\/\\\/sudlasercreations.synology.me\\\/wordpress\\\/#organization\"},\"alternateName\":\"Sud Laser Creations\",\"potentialAction\":[{\"@type\":\"SearchAction\",\"target\":{\"@type\":\"EntryPoint\",\"urlTemplate\":\"https:\\\/\\\/sudlasercreations.synology.me\\\/wordpress\\\/?s={search_term_string}\"},\"query-input\":{\"@type\":\"PropertyValueSpecification\",\"valueRequired\":true,\"valueName\":\"search_term_string\"}}],\"inLanguage\":\"fr-FR\"},{\"@type\":\"Organization\",\"@id\":\"https:\\\/\\\/sudlasercreations.synology.me\\\/wordpress\\\/#organization\",\"name\":\"Sud Laser Creations\",\"alternateName\":\"Sud Laser Cr\u00e9ations\",\"url\":\"https:\\\/\\\/sudlasercreations.synology.me\\\/wordpress\\\/\",\"logo\":{\"@type\":\"ImageObject\",\"inLanguage\":\"fr-FR\",\"@id\":\"https:\\\/\\\/sudlasercreations.synology.me\\\/wordpress\\\/#\\\/schema\\\/logo\\\/image\\\/\",\"url\":\"https:\\\/\\\/sudlasercreations.synology.me\\\/wordpress\\\/wp-content\\\/uploads\\\/2026\\\/01\\\/Logo-300x300-1.png\",\"contentUrl\":\"https:\\\/\\\/sudlasercreations.synology.me\\\/wordpress\\\/wp-content\\\/uploads\\\/2026\\\/01\\\/Logo-300x300-1.png\",\"width\":300,\"height\":300,\"caption\":\"Sud Laser Creations\"},\"image\":{\"@id\":\"https:\\\/\\\/sudlasercreations.synology.me\\\/wordpress\\\/#\\\/schema\\\/logo\\\/image\\\/\"},\"sameAs\":[\"https:\\\/\\\/www.facebook.com\\\/profile.php?id=61557359343508#\",\"https:\\\/\\\/www.instagram.com\\\/sud_laser_creations\\\/\"]}]}<\/script>\n<!-- \/ Yoast SEO plugin. -->","yoast_head_json":{"title":"Mentions l\u00e9gales - Sud Laser Creations","robots":{"index":"index","follow":"follow","max-snippet":"max-snippet:-1","max-image-preview":"max-image-preview:large","max-video-preview":"max-video-preview:-1"},"canonical":"https:\/\/sudlasercreations.synology.me\/wordpress\/mentions-legales\/","og_locale":"fr_FR","og_type":"article","og_title":"Mentions l\u00e9gales - Sud Laser Creations","og_description":"Mentions l\u00e9gales \u00ab\u00a0La transparence et la confiance sont les piliers de ma collaboration avec vous, que ce soit pour la [&hellip;]","og_url":"https:\/\/sudlasercreations.synology.me\/wordpress\/mentions-legales\/","og_site_name":"Sud Laser Creations","article_publisher":"https:\/\/www.facebook.com\/profile.php?id=61557359343508#","article_modified_time":"2026-02-21T18:34:46+00:00","og_image":[{"width":300,"height":300,"url":"https:\/\/sudlasercreations.synology.me\/wordpress\/wp-content\/uploads\/2026\/01\/Logo-300x300-1.png","type":"image\/png"}],"twitter_card":"summary_large_image","twitter_misc":{"Dur\u00e9e de lecture estim\u00e9e":"3 minutes"},"schema":{"@context":"https:\/\/schema.org","@graph":[{"@type":"WebPage","@id":"https:\/\/sudlasercreations.synology.me\/wordpress\/mentions-legales\/","url":"https:\/\/sudlasercreations.synology.me\/wordpress\/mentions-legales\/","name":"Mentions l\u00e9gales - Sud Laser Creations","isPartOf":{"@id":"https:\/\/sudlasercreations.synology.me\/wordpress\/#website"},"datePublished":"2026-01-18T08:45:55+00:00","dateModified":"2026-02-21T18:34:46+00:00","breadcrumb":{"@id":"https:\/\/sudlasercreations.synology.me\/wordpress\/mentions-legales\/#breadcrumb"},"inLanguage":"fr-FR","potentialAction":[{"@type":"ReadAction","target":["https:\/\/sudlasercreations.synology.me\/wordpress\/mentions-legales\/"]}]},{"@type":"BreadcrumbList","@id":"https:\/\/sudlasercreations.synology.me\/wordpress\/mentions-legales\/#breadcrumb","itemListElement":[{"@type":"ListItem","position":1,"name":"Accueil","item":"https:\/\/sudlasercreations.synology.me\/wordpress\/"},{"@type":"ListItem","position":2,"name":"Mentions l\u00e9gales"}]},{"@type":"WebSite","@id":"https:\/\/sudlasercreations.synology.me\/wordpress\/#website","url":"https:\/\/sudlasercreations.synology.me\/wordpress\/","name":"Sud Laser Creations","description":"La personnalisation \u00e0 votre port\u00e9e !","publisher":{"@id":"https:\/\/sudlasercreations.synology.me\/wordpress\/#organization"},"alternateName":"Sud Laser Creations","potentialAction":[{"@type":"SearchAction","target":{"@type":"EntryPoint","urlTemplate":"https:\/\/sudlasercreations.synology.me\/wordpress\/?s={search_term_string}"},"query-input":{"@type":"PropertyValueSpecification","valueRequired":true,"valueName":"search_term_string"}}],"inLanguage":"fr-FR"},{"@type":"Organization","@id":"https:\/\/sudlasercreations.synology.me\/wordpress\/#organization","name":"Sud Laser Creations","alternateName":"Sud Laser Cr\u00e9ations","url":"https:\/\/sudlasercreations.synology.me\/wordpress\/","logo":{"@type":"ImageObject","inLanguage":"fr-FR","@id":"https:\/\/sudlasercreations.synology.me\/wordpress\/#\/schema\/logo\/image\/","url":"https:\/\/sudlasercreations.synology.me\/wordpress\/wp-content\/uploads\/2026\/01\/Logo-300x300-1.png","contentUrl":"https:\/\/sudlasercreations.synology.me\/wordpress\/wp-content\/uploads\/2026\/01\/Logo-300x300-1.png","width":300,"height":300,"caption":"Sud Laser Creations"},"image":{"@id":"https:\/\/sudlasercreations.synology.me\/wordpress\/#\/schema\/logo\/image\/"},"sameAs":["https:\/\/www.facebook.com\/profile.php?id=61557359343508#","https:\/\/www.instagram.com\/sud_laser_creations\/"]}]}},"_links":{"self":[{"href":"https:\/\/sudlasercreations.synology.me\/wordpress\/wp-json\/wp\/v2\/pages\/220","targetHints":{"allow":["GET"]}}],"collection":[{"href":"https:\/\/sudlasercreations.synology.me\/wordpress\/wp-json\/wp\/v2\/pages"}],"about":[{"href":"https:\/\/sudlasercreations.synology.me\/wordpress\/wp-json\/wp\/v2\/types\/page"}],"author":[{"embeddable":true,"href":"https:\/\/sudlasercreations.synology.me\/wordpress\/wp-json\/wp\/v2\/users\/1"}],"replies":[{"embeddable":true,"href":"https:\/\/sudlasercreations.synology.me\/wordpress\/wp-json\/wp\/v2\/comments?post=220"}],"version-history":[{"count":43,"href":"https:\/\/sudlasercreations.synology.me\/wordpress\/wp-json\/wp\/v2\/pages\/220\/revisions"}],"predecessor-version":[{"id":1166,"href":"https:\/\/sudlasercreations.synology.me\/wordpress\/wp-json\/wp\/v2\/pages\/220\/revisions\/1166"}],"wp:attachment":[{"href":"https:\/\/sudlasercreations.synology.me\/wordpress\/wp-json\/wp\/v2\/media?parent=220"}],"curies":[{"name":"wp","href":"https:\/\/api.w.org\/{rel}","templated":true}]}}